{"id":62,"date":"2026-02-12T11:30:18","date_gmt":"2026-02-12T11:30:18","guid":{"rendered":"https:\/\/larmotet.no\/?page_id=62"},"modified":"2026-02-13T12:34:54","modified_gmt":"2026-02-13T12:34:54","slug":"forside","status":"publish","type":"page","link":"https:\/\/larmotet.no\/","title":{"rendered":"Forside"},"content":{"rendered":"\t\t<div data-elementor-type=\"wp-page\" data-elementor-id=\"62\" class=\"elementor elementor-62\">\n\t\t\t\t<div class=\"elementor-element elementor-element-77fa70a e-flex e-con-boxed e-con e-parent\" data-id=\"77fa70a\" data-element_type=\"container\" data-e-type=\"container\">\n\t\t\t\t\t<div class=\"e-con-inner\">\n\t\t\t\t<div class=\"elementor-element elementor-element-f097e42 elementor-widget elementor-widget-image\" data-id=\"f097e42\" data-element_type=\"widget\" data-e-type=\"widget\" data-widget_type=\"image.default\">\n\t\t\t\t\t\t\t\t\t\t\t\t\t\t\t<img fetchpriority=\"high\" decoding=\"async\" width=\"1200\" height=\"400\" src=\"https:\/\/larmotet.no\/wp-content\/uploads\/2026\/02\/Velkommen-til-LAR-motet-2026-1.png\" class=\"attachment-full size-full wp-image-10\" alt=\"\" srcset=\"https:\/\/larmotet.no\/wp-content\/uploads\/2026\/02\/Velkommen-til-LAR-motet-2026-1.png 1200w, https:\/\/larmotet.no\/wp-content\/uploads\/2026\/02\/Velkommen-til-LAR-motet-2026-1-300x100.png 300w, https:\/\/larmotet.no\/wp-content\/uploads\/2026\/02\/Velkommen-til-LAR-motet-2026-1-1024x341.png 1024w, https:\/\/larmotet.no\/wp-content\/uploads\/2026\/02\/Velkommen-til-LAR-motet-2026-1-768x256.png 768w\" sizes=\"(max-width: 1200px) 100vw, 1200px\" \/>\t\t\t\t\t\t\t\t\t\t\t\t\t\t\t<\/div>\n\t\t\t\t\t<\/div>\n\t\t\t\t<\/div>\n\t\t<div class=\"elementor-element elementor-element-49ed077 e-flex e-con-boxed e-con e-parent\" data-id=\"49ed077\" data-element_type=\"container\" data-e-type=\"container\" data-settings=\"{&quot;background_background&quot;:&quot;classic&quot;}\">\n\t\t\t\t\t<div class=\"e-con-inner\">\n\t\t\t\t<div class=\"elementor-element elementor-element-eb8e5a1 elementor-widget elementor-widget-heading\" data-id=\"eb8e5a1\" data-element_type=\"widget\" data-e-type=\"widget\" data-widget_type=\"heading.default\">\n\t\t\t\t\t<h2 class=\"elementor-heading-title elementor-size-default\">Quality Hotel Fredrikstad<\/h2>\t\t\t\t<\/div>\n\t\t\t\t<div class=\"elementor-element elementor-element-caa7b02 elementor-widget elementor-widget-text-editor\" data-id=\"caa7b02\" data-element_type=\"widget\" data-e-type=\"widget\" data-widget_type=\"text-editor.default\">\n\t\t\t\t\t\t\t\t\t<p>28.-29. mai 2026<\/p>\t\t\t\t\t\t\t\t<\/div>\n\t\t\t\t<div class=\"elementor-element elementor-element-38f1f01 elementor-align-center elementor-widget elementor-widget-button\" data-id=\"38f1f01\" data-element_type=\"widget\" data-e-type=\"widget\" data-widget_type=\"button.default\">\n\t\t\t\t\t\t\t\t\t\t<a class=\"elementor-button elementor-button-link elementor-size-sm\" href=\"https:\/\/axacoair.se\/go?TldGmPbe\">\n\t\t\t\t\t\t<span class=\"elementor-button-content-wrapper\">\n\t\t\t\t\t\t\t\t\t<span class=\"elementor-button-text\">Meld deg p\u00e5 her<\/span>\n\t\t\t\t\t<\/span>\n\t\t\t\t\t<\/a>\n\t\t\t\t\t\t\t\t<\/div>\n\t\t\t\t\t<\/div>\n\t\t\t\t<\/div>\n\t\t<div class=\"elementor-element elementor-element-a9c6c05 e-flex e-con-boxed e-con e-parent\" data-id=\"a9c6c05\" data-element_type=\"container\" data-e-type=\"container\">\n\t\t\t\t\t<div class=\"e-con-inner\">\n\t\t\t\t<div class=\"elementor-element elementor-element-bf9b705 elementor-widget__width-auto elementor-widget elementor-widget-google_maps\" data-id=\"bf9b705\" data-element_type=\"widget\" data-e-type=\"widget\" data-widget_type=\"google_maps.default\">\n\t\t\t\t\t\t\t<div class=\"elementor-custom-embed\">\n\t\t\t<iframe loading=\"lazy\"\n\t\t\t\t\tsrc=\"https:\/\/maps.google.com\/maps?q=quality%20hotel%20fredrikstad&#038;t=m&#038;z=16&#038;output=embed&#038;iwloc=near\"\n\t\t\t\t\ttitle=\"quality hotel fredrikstad\"\n\t\t\t\t\taria-label=\"quality hotel fredrikstad\"\n\t\t\t><\/iframe>\n\t\t<\/div>\n\t\t\t\t\t\t<\/div>\n\t\t\t\t\t<\/div>\n\t\t\t\t<\/div>\n\t\t<div class=\"elementor-element elementor-element-0f05842 e-flex e-con-boxed e-con e-parent\" data-id=\"0f05842\" data-element_type=\"container\" data-e-type=\"container\">\n\t\t\t\t\t<div class=\"e-con-inner\">\n\t\t<div class=\"elementor-element elementor-element-b5135c7 e-con-full e-flex e-con e-child\" data-id=\"b5135c7\" data-element_type=\"container\" data-e-type=\"container\">\n\t\t\t\t<div class=\"elementor-element elementor-element-9321243 elementor-widget elementor-widget-text-editor\" data-id=\"9321243\" data-element_type=\"widget\" data-e-type=\"widget\" data-widget_type=\"text-editor.default\">\n\t\t\t\t\t\t\t\t\t<h1>Velkommen til b\u00e5ttur i skj\u00e6rg\u00e5rden!<\/h1><div>Torsdag 28. mai avholdes middagen ombord i MS Vesle\u00f8 II, med sightseeing i skj\u00e6rg\u00e5rden.<\/div>\t\t\t\t\t\t\t\t<\/div>\n\t\t\t\t<\/div>\n\t\t<div class=\"elementor-element elementor-element-d82e618 e-con-full e-flex e-con e-child\" data-id=\"d82e618\" data-element_type=\"container\" data-e-type=\"container\">\n\t\t\t\t<div class=\"elementor-element elementor-element-9305048 elementor-widget elementor-widget-image\" data-id=\"9305048\" data-element_type=\"widget\" data-e-type=\"widget\" data-widget_type=\"image.default\">\n\t\t\t\t\t\t\t\t\t\t\t\t\t\t\t<img decoding=\"async\" width=\"800\" height=\"450\" src=\"https:\/\/larmotet.no\/wp-content\/uploads\/2026\/02\/ms-vesleo-II-1024x576.jpg\" class=\"attachment-large size-large wp-image-115\" alt=\"\" srcset=\"https:\/\/larmotet.no\/wp-content\/uploads\/2026\/02\/ms-vesleo-II-1024x576.jpg 1024w, https:\/\/larmotet.no\/wp-content\/uploads\/2026\/02\/ms-vesleo-II-300x169.jpg 300w, https:\/\/larmotet.no\/wp-content\/uploads\/2026\/02\/ms-vesleo-II-768x432.jpg 768w, https:\/\/larmotet.no\/wp-content\/uploads\/2026\/02\/ms-vesleo-II-1536x864.jpg 1536w, https:\/\/larmotet.no\/wp-content\/uploads\/2026\/02\/ms-vesleo-II.jpg 1920w\" sizes=\"(max-width: 800px) 100vw, 800px\" \/>\t\t\t\t\t\t\t\t\t\t\t\t\t\t\t<\/div>\n\t\t\t\t<\/div>\n\t\t\t\t\t<\/div>\n\t\t\t\t<\/div>\n\t\t\t\t<\/div>\n\t\t","protected":false},"excerpt":{"rendered":"<p>Quality Hotel Fredrikstad 28.-29. mai 2026 Meld deg p\u00e5 her Velkommen til b\u00e5ttur i skj\u00e6rg\u00e5rden! Torsdag 28. mai avholdes middagen ombord i MS Vesle\u00f8 II, med sightseeing i skj\u00e6rg\u00e5rden.<\/p>\n","protected":false},"author":1,"featured_media":0,"parent":0,"menu_order":0,"comment_status":"closed","ping_status":"closed","template":"","meta":{"footnotes":""},"class_list":["post-62","page","type-page","status-publish","hentry"],"_links":{"self":[{"href":"https:\/\/larmotet.no\/index.php?rest_route=\/wp\/v2\/pages\/62","targetHints":{"allow":["GET"]}}],"collection":[{"href":"https:\/\/larmotet.no\/index.php?rest_route=\/wp\/v2\/pages"}],"about":[{"href":"https:\/\/larmotet.no\/index.php?rest_route=\/wp\/v2\/types\/page"}],"author":[{"embeddable":true,"href":"https:\/\/larmotet.no\/index.php?rest_route=\/wp\/v2\/users\/1"}],"replies":[{"embeddable":true,"href":"https:\/\/larmotet.no\/index.php?rest_route=%2Fwp%2Fv2%2Fcomments&post=62"}],"version-history":[{"count":52,"href":"https:\/\/larmotet.no\/index.php?rest_route=\/wp\/v2\/pages\/62\/revisions"}],"predecessor-version":[{"id":125,"href":"https:\/\/larmotet.no\/index.php?rest_route=\/wp\/v2\/pages\/62\/revisions\/125"}],"wp:attachment":[{"href":"https:\/\/larmotet.no\/index.php?rest_route=%2Fwp%2Fv2%2Fmedia&parent=62"}],"curies":[{"name":"wp","href":"https:\/\/api.w.org\/{rel}","templated":true}]}}